{"id":1607,"date":"2020-03-08T09:40:05","date_gmt":"2020-03-08T08:40:05","guid":{"rendered":"https:\/\/roche1859.ch\/?post_type=product&#038;p=1607"},"modified":"2022-07-27T09:47:41","modified_gmt":"2022-07-27T07:47:41","slug":"don-pour-cap-loisirs-et-insieme-geneve","status":"publish","type":"product","link":"https:\/\/roche1859.ch\/en\/produit\/don-pour-cap-loisirs-et-insieme-geneve\/","title":{"rendered":"Don pour Cap Loisirs et Insieme Gen\u00e8ve"},"content":{"rendered":"<p>Nous avons \u00e0 coeur de soutenir des acteurs locaux pour le bien-\u00eatre de tous. Si vous aussi vous souhaitez soutenir l&#8217;une de ces fondations, vous pouvez verser un don directement en passant votre commande de vin. Puis, nous reverserons le montant \u00e0 la fondation souhait\u00e9e.<\/p>\n<p>Une attestation de don vous parviendra.<\/p>\n<p>Merci pour votre g\u00e9n\u00e9rosit\u00e9.<\/p>\n","protected":false},"excerpt":{"rendered":"<p>Don &#8211; montant sans TVA<\/p>\n","protected":false},"featured_media":1549,"template":"","meta":{"spay_email":""},"product_cat":[65],"product_tag":[],"yoast_head":"<!-- This site is optimized with the Yoast SEO plugin v19.4 - https:\/\/yoast.com\/wordpress\/plugins\/seo\/ -->\n<title>Don pour Cap Loisirs et Insieme Gen\u00e8ve - Domaine de la Roche 1859<\/title>\n<meta name=\"robots\" content=\"index, follow, max-snippet:-1, max-image-preview:large, max-video-preview:-1\" \/>\n<link rel=\"canonical\" href=\"https:\/\/roche1859.ch\/en\/produit\/don-pour-cap-loisirs-et-insieme-geneve\/\" \/>\n<meta property=\"og:locale\" content=\"en_US\" \/>\n<meta property=\"og:type\" content=\"article\" \/>\n<meta property=\"og:title\" content=\"Don pour Cap Loisirs et Insieme Gen\u00e8ve - Domaine de la Roche 1859\" \/>\n<meta property=\"og:description\" content=\"Don - montant sans TVA\" \/>\n<meta property=\"og:url\" content=\"https:\/\/roche1859.ch\/produit\/don-pour-cap-loisirs-et-insieme-geneve\/\" \/>\n<meta property=\"og:site_name\" content=\"Domaine de la Roche 1859\" \/>\n<meta property=\"article:publisher\" content=\"https:\/\/www.facebook.com\/roche1859.ch\/\" \/>\n<meta property=\"article:modified_time\" content=\"2022-07-27T07:47:41+00:00\" \/>\n<meta property=\"og:image\" content=\"https:\/\/roche1859.ch\/wp-content\/uploads\/2021\/11\/illu_1_insieme-e1638282502202.png\" \/>\n\t<meta property=\"og:image:width\" content=\"900\" \/>\n\t<meta property=\"og:image:height\" content=\"796\" \/>\n\t<meta property=\"og:image:type\" content=\"image\/png\" \/>\n<meta name=\"twitter:card\" content=\"summary_large_image\" \/>\n<meta name=\"twitter:label1\" content=\"Est. reading time\" \/>\n\t<meta name=\"twitter:data1\" content=\"1 minute\" \/>\n<script type=\"application\/ld+json\" class=\"yoast-schema-graph\">{\"@context\":\"https:\/\/schema.org\",\"@graph\":[{\"@type\":\"WebSite\",\"@id\":\"https:\/\/roche1859.ch\/#website\",\"url\":\"https:\/\/roche1859.ch\/\",\"name\":\"Domaine de la Roche 1859\",\"description\":\"Sandrine Bersier &amp; Famille\",\"potentialAction\":[{\"@type\":\"SearchAction\",\"target\":{\"@type\":\"EntryPoint\",\"urlTemplate\":\"https:\/\/roche1859.ch\/?s={search_term_string}\"},\"query-input\":\"required name=search_term_string\"}],\"inLanguage\":\"en-US\"},{\"@type\":\"WebPage\",\"@id\":\"https:\/\/roche1859.ch\/produit\/don-pour-cap-loisirs-et-insieme-geneve\/\",\"url\":\"https:\/\/roche1859.ch\/produit\/don-pour-cap-loisirs-et-insieme-geneve\/\",\"name\":\"Don pour Cap Loisirs et Insieme Gen\u00e8ve - Domaine de la Roche 1859\",\"isPartOf\":{\"@id\":\"https:\/\/roche1859.ch\/#website\"},\"datePublished\":\"2020-03-08T08:40:05+00:00\",\"dateModified\":\"2022-07-27T07:47:41+00:00\",\"breadcrumb\":{\"@id\":\"https:\/\/roche1859.ch\/produit\/don-pour-cap-loisirs-et-insieme-geneve\/#breadcrumb\"},\"inLanguage\":\"en-US\",\"potentialAction\":[{\"@type\":\"ReadAction\",\"target\":[\"https:\/\/roche1859.ch\/produit\/don-pour-cap-loisirs-et-insieme-geneve\/\"]}]},{\"@type\":\"BreadcrumbList\",\"@id\":\"https:\/\/roche1859.ch\/produit\/don-pour-cap-loisirs-et-insieme-geneve\/#breadcrumb\",\"itemListElement\":[{\"@type\":\"ListItem\",\"position\":1,\"name\":\"Accueil\",\"item\":\"https:\/\/roche1859.ch\/en\/\"},{\"@type\":\"ListItem\",\"position\":2,\"name\":\"Boutique\",\"item\":\"https:\/\/roche1859.ch\/boutique\/\"},{\"@type\":\"ListItem\",\"position\":3,\"name\":\"Don pour Cap Loisirs et Insieme Gen\u00e8ve\"}]}]}<\/script>\n<!-- \/ Yoast SEO plugin. -->","yoast_head_json":{"title":"Don pour Cap Loisirs et Insieme Gen\u00e8ve - Domaine de la Roche 1859","robots":{"index":"index","follow":"follow","max-snippet":"max-snippet:-1","max-image-preview":"max-image-preview:large","max-video-preview":"max-video-preview:-1"},"canonical":"https:\/\/roche1859.ch\/en\/produit\/don-pour-cap-loisirs-et-insieme-geneve\/","og_locale":"en_US","og_type":"article","og_title":"Don pour Cap Loisirs et Insieme Gen\u00e8ve - Domaine de la Roche 1859","og_description":"Don - montant sans TVA","og_url":"https:\/\/roche1859.ch\/produit\/don-pour-cap-loisirs-et-insieme-geneve\/","og_site_name":"Domaine de la Roche 1859","article_publisher":"https:\/\/www.facebook.com\/roche1859.ch\/","article_modified_time":"2022-07-27T07:47:41+00:00","og_image":[{"width":900,"height":796,"url":"https:\/\/roche1859.ch\/wp-content\/uploads\/2021\/11\/illu_1_insieme-e1638282502202.png","type":"image\/png"}],"twitter_card":"summary_large_image","twitter_misc":{"Est. reading time":"1 minute"},"schema":{"@context":"https:\/\/schema.org","@graph":[{"@type":"WebSite","@id":"https:\/\/roche1859.ch\/#website","url":"https:\/\/roche1859.ch\/","name":"Domaine de la Roche 1859","description":"Sandrine Bersier &amp; Famille","potentialAction":[{"@type":"SearchAction","target":{"@type":"EntryPoint","urlTemplate":"https:\/\/roche1859.ch\/?s={search_term_string}"},"query-input":"required name=search_term_string"}],"inLanguage":"en-US"},{"@type":"WebPage","@id":"https:\/\/roche1859.ch\/produit\/don-pour-cap-loisirs-et-insieme-geneve\/","url":"https:\/\/roche1859.ch\/produit\/don-pour-cap-loisirs-et-insieme-geneve\/","name":"Don pour Cap Loisirs et Insieme Gen\u00e8ve - Domaine de la Roche 1859","isPartOf":{"@id":"https:\/\/roche1859.ch\/#website"},"datePublished":"2020-03-08T08:40:05+00:00","dateModified":"2022-07-27T07:47:41+00:00","breadcrumb":{"@id":"https:\/\/roche1859.ch\/produit\/don-pour-cap-loisirs-et-insieme-geneve\/#breadcrumb"},"inLanguage":"en-US","potentialAction":[{"@type":"ReadAction","target":["https:\/\/roche1859.ch\/produit\/don-pour-cap-loisirs-et-insieme-geneve\/"]}]},{"@type":"BreadcrumbList","@id":"https:\/\/roche1859.ch\/produit\/don-pour-cap-loisirs-et-insieme-geneve\/#breadcrumb","itemListElement":[{"@type":"ListItem","position":1,"name":"Accueil","item":"https:\/\/roche1859.ch\/en\/"},{"@type":"ListItem","position":2,"name":"Boutique","item":"https:\/\/roche1859.ch\/boutique\/"},{"@type":"ListItem","position":3,"name":"Don pour Cap Loisirs et Insieme Gen\u00e8ve"}]}]}},"_links":{"self":[{"href":"https:\/\/roche1859.ch\/en\/wp-json\/wp\/v2\/product\/1607"}],"collection":[{"href":"https:\/\/roche1859.ch\/en\/wp-json\/wp\/v2\/product"}],"about":[{"href":"https:\/\/roche1859.ch\/en\/wp-json\/wp\/v2\/types\/product"}],"wp:featuredmedia":[{"embeddable":true,"href":"https:\/\/roche1859.ch\/en\/wp-json\/wp\/v2\/media\/1549"}],"wp:attachment":[{"href":"https:\/\/roche1859.ch\/en\/wp-json\/wp\/v2\/media?parent=1607"}],"wp:term":[{"taxonomy":"product_cat","embeddable":true,"href":"https:\/\/roche1859.ch\/en\/wp-json\/wp\/v2\/product_cat?post=1607"},{"taxonomy":"product_tag","embeddable":true,"href":"https:\/\/roche1859.ch\/en\/wp-json\/wp\/v2\/product_tag?post=1607"}],"curies":[{"name":"wp","href":"https:\/\/api.w.org\/{rel}","templated":true}]}}