{"id":1812,"date":"2020-03-16T18:38:51","date_gmt":"2020-03-16T17:38:51","guid":{"rendered":"https:\/\/roche1859.ch\/?post_type=product&#038;p=1812"},"modified":"2025-06-26T16:10:03","modified_gmt":"2025-06-26T14:10:03","slug":"merlot-reserve","status":"publish","type":"product","link":"https:\/\/roche1859.ch\/en\/produit\/merlot-reserve\/","title":{"rendered":"Merlot R\u00e9serve"},"content":{"rendered":"<p>Notes de petits fruits m\u00fbrs, cassis, palette de riches ar\u00f4mes qui nous font bien retrouver la typicit\u00e9 du Merlot.<br \/>\nTanins souples et bouche structur\u00e9e et velout\u00e9e.<br \/>\nBon potentiel de garde.<\/p>\n","protected":false},"excerpt":{"rendered":"<ul>\n<li><b>C\u00e9page<\/b> | Merlot<\/li>\n<li><b>Mill\u00e9sime<\/b> | 2022<\/li>\n<li><b>Appellation<\/b>\u00a0| AOC Gen\u00e8ve<\/li>\n<li><b>Parcelle<\/b> | Pr\u00e9-Conch\u00e9<\/li>\n<li><b>Vinification<\/b> | Elevage en f\u00fbt de ch\u00eane suisse apr\u00e8s fermentation malolactique durant 24 mois<\/li>\n<li><b>Nombre de bouteilles produites<\/b> | 999<\/li>\n<li><b>Bouteille<\/b> | 70 cl et 150 cl<\/li>\n<li><b>Alcool<\/b> | 14% VOL.<\/li>\n<li><b>Accords met &amp; vin<\/b> | Vin rouge de prestige qui sublimera des plats raffin\u00e9s comme des magrets de canard, des c\u00f4tes de veau ou autres belles pi\u00e8ces de viandes. Avec des sauces \u00e0 base de fruits comme des figues ou des cerises. Des plats v\u00e9g\u00e9tariens \u00e0 base de l\u00e9gumes r\u00f4tis ou de champignons est \u00e9galement un excellent choix.<\/li>\n<\/ul>\n<p>&nbsp;<\/p>\n","protected":false},"featured_media":1813,"template":"","meta":{"spay_email":""},"product_cat":[70],"product_tag":[],"yoast_head":"<!-- This site is optimized with the Yoast SEO plugin v19.4 - https:\/\/yoast.com\/wordpress\/plugins\/seo\/ -->\n<title>Merlot R\u00e9serve - Domaine de la Roche 1859<\/title>\n<meta name=\"robots\" content=\"index, follow, max-snippet:-1, max-image-preview:large, max-video-preview:-1\" \/>\n<link rel=\"canonical\" href=\"https:\/\/roche1859.ch\/en\/produit\/merlot-reserve\/\" \/>\n<meta property=\"og:locale\" content=\"en_US\" \/>\n<meta property=\"og:type\" content=\"article\" \/>\n<meta property=\"og:title\" content=\"Merlot R\u00e9serve - Domaine de la Roche 1859\" \/>\n<meta property=\"og:description\" content=\"C\u00e9page | Merlot  Mill\u00e9sime | 2022  Appellation\u00a0| AOC Gen\u00e8ve  Parcelle | Pr\u00e9-Conch\u00e9  Vinification | Elevage en f\u00fbt de ch\u00eane suisse apr\u00e8s fermentation malolactique durant 24 mois  Nombre de bouteilles produites | 999  Bouteille | 70 cl et 150 cl  Alcool | 14% VOL.  Accords met &amp; vin | Vin rouge de prestige qui sublimera des plats raffin\u00e9s comme des magrets de canard, des c\u00f4tes de veau ou autres belles pi\u00e8ces de viandes. Avec des sauces \u00e0 base de fruits comme des figues ou des cerises. Des plats v\u00e9g\u00e9tariens \u00e0 base de l\u00e9gumes r\u00f4tis ou de champignons est \u00e9galement un excellent choix.  &nbsp;\" \/>\n<meta property=\"og:url\" content=\"https:\/\/roche1859.ch\/produit\/merlot-reserve\/\" \/>\n<meta property=\"og:site_name\" content=\"Domaine de la Roche 1859\" \/>\n<meta property=\"article:publisher\" content=\"https:\/\/www.facebook.com\/roche1859.ch\/\" \/>\n<meta property=\"article:modified_time\" content=\"2025-06-26T14:10:03+00:00\" \/>\n<meta property=\"og:image\" content=\"https:\/\/roche1859.ch\/wp-content\/uploads\/2025\/06\/@Chris_Heeney11986-scaled-e1750946118399.jpg\" \/>\n\t<meta property=\"og:image:width\" content=\"1200\" \/>\n\t<meta property=\"og:image:height\" content=\"1799\" \/>\n\t<meta property=\"og:image:type\" content=\"image\/jpeg\" \/>\n<meta name=\"twitter:card\" content=\"summary_large_image\" \/>\n<meta name=\"twitter:label1\" content=\"Est. reading time\" \/>\n\t<meta name=\"twitter:data1\" content=\"1 minute\" \/>\n<script type=\"application\/ld+json\" class=\"yoast-schema-graph\">{\"@context\":\"https:\/\/schema.org\",\"@graph\":[{\"@type\":\"WebSite\",\"@id\":\"https:\/\/roche1859.ch\/#website\",\"url\":\"https:\/\/roche1859.ch\/\",\"name\":\"Domaine de la Roche 1859\",\"description\":\"Sandrine Bersier &amp; Famille\",\"potentialAction\":[{\"@type\":\"SearchAction\",\"target\":{\"@type\":\"EntryPoint\",\"urlTemplate\":\"https:\/\/roche1859.ch\/?s={search_term_string}\"},\"query-input\":\"required name=search_term_string\"}],\"inLanguage\":\"en-US\"},{\"@type\":\"WebPage\",\"@id\":\"https:\/\/roche1859.ch\/produit\/merlot-reserve\/\",\"url\":\"https:\/\/roche1859.ch\/produit\/merlot-reserve\/\",\"name\":\"Merlot R\u00e9serve - Domaine de la Roche 1859\",\"isPartOf\":{\"@id\":\"https:\/\/roche1859.ch\/#website\"},\"datePublished\":\"2020-03-16T17:38:51+00:00\",\"dateModified\":\"2025-06-26T14:10:03+00:00\",\"breadcrumb\":{\"@id\":\"https:\/\/roche1859.ch\/produit\/merlot-reserve\/#breadcrumb\"},\"inLanguage\":\"en-US\",\"potentialAction\":[{\"@type\":\"ReadAction\",\"target\":[\"https:\/\/roche1859.ch\/produit\/merlot-reserve\/\"]}]},{\"@type\":\"BreadcrumbList\",\"@id\":\"https:\/\/roche1859.ch\/produit\/merlot-reserve\/#breadcrumb\",\"itemListElement\":[{\"@type\":\"ListItem\",\"position\":1,\"name\":\"Accueil\",\"item\":\"https:\/\/roche1859.ch\/en\/\"},{\"@type\":\"ListItem\",\"position\":2,\"name\":\"Boutique\",\"item\":\"https:\/\/roche1859.ch\/boutique\/\"},{\"@type\":\"ListItem\",\"position\":3,\"name\":\"Merlot R\u00e9serve\"}]}]}<\/script>\n<!-- \/ Yoast SEO plugin. -->","yoast_head_json":{"title":"Merlot R\u00e9serve - Domaine de la Roche 1859","robots":{"index":"index","follow":"follow","max-snippet":"max-snippet:-1","max-image-preview":"max-image-preview:large","max-video-preview":"max-video-preview:-1"},"canonical":"https:\/\/roche1859.ch\/en\/produit\/merlot-reserve\/","og_locale":"en_US","og_type":"article","og_title":"Merlot R\u00e9serve - Domaine de la Roche 1859","og_description":"C\u00e9page | Merlot  Mill\u00e9sime | 2022  Appellation\u00a0| AOC Gen\u00e8ve  Parcelle | Pr\u00e9-Conch\u00e9  Vinification | Elevage en f\u00fbt de ch\u00eane suisse apr\u00e8s fermentation malolactique durant 24 mois  Nombre de bouteilles produites | 999  Bouteille | 70 cl et 150 cl  Alcool | 14% VOL.  Accords met &amp; vin | Vin rouge de prestige qui sublimera des plats raffin\u00e9s comme des magrets de canard, des c\u00f4tes de veau ou autres belles pi\u00e8ces de viandes. Avec des sauces \u00e0 base de fruits comme des figues ou des cerises. Des plats v\u00e9g\u00e9tariens \u00e0 base de l\u00e9gumes r\u00f4tis ou de champignons est \u00e9galement un excellent choix.  &nbsp;","og_url":"https:\/\/roche1859.ch\/produit\/merlot-reserve\/","og_site_name":"Domaine de la Roche 1859","article_publisher":"https:\/\/www.facebook.com\/roche1859.ch\/","article_modified_time":"2025-06-26T14:10:03+00:00","og_image":[{"width":1200,"height":1799,"url":"https:\/\/roche1859.ch\/wp-content\/uploads\/2025\/06\/@Chris_Heeney11986-scaled-e1750946118399.jpg","type":"image\/jpeg"}],"twitter_card":"summary_large_image","twitter_misc":{"Est. reading time":"1 minute"},"schema":{"@context":"https:\/\/schema.org","@graph":[{"@type":"WebSite","@id":"https:\/\/roche1859.ch\/#website","url":"https:\/\/roche1859.ch\/","name":"Domaine de la Roche 1859","description":"Sandrine Bersier &amp; Famille","potentialAction":[{"@type":"SearchAction","target":{"@type":"EntryPoint","urlTemplate":"https:\/\/roche1859.ch\/?s={search_term_string}"},"query-input":"required name=search_term_string"}],"inLanguage":"en-US"},{"@type":"WebPage","@id":"https:\/\/roche1859.ch\/produit\/merlot-reserve\/","url":"https:\/\/roche1859.ch\/produit\/merlot-reserve\/","name":"Merlot R\u00e9serve - Domaine de la Roche 1859","isPartOf":{"@id":"https:\/\/roche1859.ch\/#website"},"datePublished":"2020-03-16T17:38:51+00:00","dateModified":"2025-06-26T14:10:03+00:00","breadcrumb":{"@id":"https:\/\/roche1859.ch\/produit\/merlot-reserve\/#breadcrumb"},"inLanguage":"en-US","potentialAction":[{"@type":"ReadAction","target":["https:\/\/roche1859.ch\/produit\/merlot-reserve\/"]}]},{"@type":"BreadcrumbList","@id":"https:\/\/roche1859.ch\/produit\/merlot-reserve\/#breadcrumb","itemListElement":[{"@type":"ListItem","position":1,"name":"Accueil","item":"https:\/\/roche1859.ch\/en\/"},{"@type":"ListItem","position":2,"name":"Boutique","item":"https:\/\/roche1859.ch\/boutique\/"},{"@type":"ListItem","position":3,"name":"Merlot R\u00e9serve"}]}]}},"_links":{"self":[{"href":"https:\/\/roche1859.ch\/en\/wp-json\/wp\/v2\/product\/1812"}],"collection":[{"href":"https:\/\/roche1859.ch\/en\/wp-json\/wp\/v2\/product"}],"about":[{"href":"https:\/\/roche1859.ch\/en\/wp-json\/wp\/v2\/types\/product"}],"wp:featuredmedia":[{"embeddable":true,"href":"https:\/\/roche1859.ch\/en\/wp-json\/wp\/v2\/media\/1813"}],"wp:attachment":[{"href":"https:\/\/roche1859.ch\/en\/wp-json\/wp\/v2\/media?parent=1812"}],"wp:term":[{"taxonomy":"product_cat","embeddable":true,"href":"https:\/\/roche1859.ch\/en\/wp-json\/wp\/v2\/product_cat?post=1812"},{"taxonomy":"product_tag","embeddable":true,"href":"https:\/\/roche1859.ch\/en\/wp-json\/wp\/v2\/product_tag?post=1812"}],"curies":[{"name":"wp","href":"https:\/\/api.w.org\/{rel}","templated":true}]}}